{"id":365,"date":"2022-02-11T11:39:36","date_gmt":"2022-02-11T11:39:36","guid":{"rendered":"http:\/\/127.0.0.1\/liedm\/?page_id=365"},"modified":"2026-04-16T08:38:09","modified_gmt":"2026-04-16T08:38:09","slug":"valdybos-nariai","status":"publish","type":"page","link":"https:\/\/www.liedm.lt\/index.php\/valdybos-nariai\/","title":{"rendered":"Valdybos nariai"},"content":{"rendered":"\n<p><\/p>\n\n\n\n<section id=\"section-g-lc9nn61\" class=\"wp-block-gutentor-team gutentor-section gutentor-team team-template1\"><div class=\"grid-container\"><div class=\"gutentor-block-header\"><div class=\"gutentor-section-title text-center\"><h2 class=\"gutentor-title\"><\/h2><\/div><\/div><div class=\"grid-row gutentor-grid-item-wrap\"><div class=\"gutentor-grid-column grid-lg-4 grid-md-4 grid-12\"><div class=\"gutentor-single-item gutentor-image team-template1 gutentor-single-item-0\"><div class=\"gutentor-template-wrapper\"><div class=\"gutentor-single-item-image-box\"><div class=\"gutentor-image-thumb\"><img loading=\"lazy\" decoding=\"async\" class=\"normal-image\" src=\"https:\/\/www.liedm.lt\/wp-content\/uploads\/2025\/06\/IMG_7687-1-scaled.jpg\" alt=\"\" height=\"1707\" width=\"2560\"\/><\/div><\/div><div class=\"gutentor-single-item-content\"><h5 class=\"gutentor-single-item-title\">Sigita Radzevi\u010dien\u0117<\/h5><p class=\"gutentor-single-item-designation\"><br><em>Valdybos pirminink\u0117<\/em><br>Lietuvos sveikatos moksl\u0173 universitetas<\/p><\/div><\/div><\/div><\/div><div class=\"gutentor-grid-column grid-lg-4 grid-md-4 grid-12\"><div class=\"gutentor-single-item gutentor-image team-template1 gutentor-single-item-1\"><div class=\"gutentor-template-wrapper\"><div class=\"gutentor-single-item-image-box\"><div class=\"gutentor-image-thumb\"><img loading=\"lazy\" decoding=\"async\" class=\"normal-image\" src=\"https:\/\/www.liedm.lt\/wp-content\/uploads\/2025\/06\/IMG_7799-2-scaled.jpg\" alt=\"\" height=\"1707\" width=\"2560\"\/><\/div><\/div><div class=\"gutentor-single-item-content\"><h5 class=\"gutentor-single-item-title\">Gytis Cibulskis<\/h5><p class=\"gutentor-single-item-designation\"><br>Kauno technologijos universitetas<br><br><\/p><\/div><\/div><\/div><\/div><div class=\"gutentor-grid-column grid-lg-4 grid-md-4 grid-12\"><div class=\"gutentor-single-item gutentor-image team-template1 gutentor-single-item-2\"><div class=\"gutentor-template-wrapper\"><div class=\"gutentor-single-item-image-box\"><div class=\"gutentor-image-thumb\"><img loading=\"lazy\" decoding=\"async\" class=\"normal-image\" src=\"https:\/\/www.liedm.lt\/wp-content\/uploads\/2025\/06\/IMG_7793-1-scaled.jpg\" alt=\"\" height=\"1707\" width=\"2560\"\/><\/div><\/div><div class=\"gutentor-single-item-content\"><h5 class=\"gutentor-single-item-title\">Saulius Preidys<\/h5><p class=\"gutentor-single-item-designation\"><br>Vilniaus universitetas<br><br><\/p><\/div><\/div><\/div><\/div><div class=\"gutentor-grid-column grid-lg-4 grid-md-4 grid-12\"><div class=\"gutentor-single-item gutentor-image team-template1 gutentor-single-item-3\"><div class=\"gutentor-template-wrapper\"><div class=\"gutentor-single-item-image-box\"><div class=\"gutentor-image-thumb\"><img loading=\"lazy\" decoding=\"async\" class=\"normal-image\" src=\"https:\/\/www.liedm.lt\/wp-content\/uploads\/2026\/04\/Sigita-e1776328684242.jpg\" alt=\"\" height=\"946\" width=\"1355\"\/><\/div><\/div><div class=\"gutentor-single-item-content\"><h5 class=\"gutentor-single-item-title\">Sigita Pagirien\u0117<br><\/h5><p class=\"gutentor-single-item-designation\">Vilniaus Gedimino technikos universitetas<\/p><\/div><\/div><\/div><\/div><div class=\"gutentor-grid-column grid-lg-4 grid-md-4 grid-12\"><div class=\"gutentor-single-item gutentor-image team-template1 gutentor-single-item-4\"><div class=\"gutentor-template-wrapper\"><div class=\"gutentor-single-item-image-box\"><div class=\"gutentor-image-thumb\"><img loading=\"lazy\" decoding=\"async\" class=\"normal-image\" src=\"https:\/\/www.liedm.lt\/wp-content\/uploads\/2025\/10\/IMG_7727-2-scaled.jpg\" alt=\"\" height=\"1820\" width=\"2560\"\/><\/div><\/div><div class=\"gutentor-single-item-content\"><h5 class=\"gutentor-single-item-title\">Saulius Kreivaitis<br><\/h5><p class=\"gutentor-single-item-designation\">Lietuvos sporto universitetas<\/p><\/div><\/div><\/div><\/div><div class=\"gutentor-grid-column grid-lg-4 grid-md-4 grid-12\"><div class=\"gutentor-single-item gutentor-image team-template1 gutentor-single-item-5\"><div class=\"gutentor-template-wrapper\"><div class=\"gutentor-single-item-image-box\"><div class=\"gutentor-image-thumb\"><img loading=\"lazy\" decoding=\"async\" class=\"normal-image\" src=\"https:\/\/www.liedm.lt\/wp-content\/uploads\/2025\/10\/liedm_2024-11-07__1_of_1_-4-scaled.jpg\" alt=\"\" height=\"1707\" width=\"2560\"\/><\/div><\/div><div class=\"gutentor-single-item-content\"><h5 class=\"gutentor-single-item-title\">Indr\u0117 Urbonavi\u010dien\u0117<br><\/h5><p class=\"gutentor-single-item-designation\">Kauno technologijos universitetas<br><\/p><\/div><\/div><\/div><\/div><div class=\"gutentor-grid-column grid-lg-4 grid-md-4 grid-12\"><div class=\"gutentor-single-item gutentor-image team-template1 gutentor-single-item-6\"><div class=\"gutentor-template-wrapper\"><div class=\"gutentor-single-item-image-box\"><div class=\"gutentor-image-thumb\"><img loading=\"lazy\" decoding=\"async\" class=\"normal-image\" src=\"https:\/\/www.liedm.lt\/wp-content\/uploads\/2026\/04\/foto-scaled-e1775736743838.jpg\" alt=\"\" height=\"1350\" width=\"1980\"\/><\/div><\/div><div class=\"gutentor-single-item-content\"><h5 class=\"gutentor-single-item-title\">Gintaras\u00a0Misiurevi\u010dius<\/h5><p class=\"gutentor-single-item-designation\">Mykolo Romerio universitetas<\/p><\/div><\/div><\/div><\/div><div class=\"gutentor-grid-column grid-lg-4 grid-md-4 grid-12\"><div class=\"gutentor-single-item gutentor-image team-template1 gutentor-single-item-7\"><div class=\"gutentor-template-wrapper\"><div class=\"gutentor-single-item-image-box\"><div class=\"gutentor-image-thumb\"><img loading=\"lazy\" decoding=\"async\" class=\"normal-image\" src=\"https:\/\/www.liedm.lt\/wp-content\/uploads\/2026\/04\/LinaGorbunova-scaled-e1775654150420.jpg\" alt=\"\" height=\"1300\" width=\"1920\"\/><\/div><\/div><div class=\"gutentor-single-item-content\"><h5 class=\"gutentor-single-item-title\">Lina Gorbunova<\/h5><p class=\"gutentor-single-item-designation\">Vilniaus kolegija<\/p><\/div><\/div><\/div><\/div><div class=\"gutentor-grid-column grid-lg-4 grid-md-4 grid-12\"><div class=\"gutentor-single-item gutentor-image team-template1 gutentor-single-item-8\"><div class=\"gutentor-template-wrapper\"><div class=\"gutentor-single-item-image-box\"><div class=\"gutentor-image-thumb\"><img decoding=\"async\" class=\"normal-image\" src=\"https:\/\/www.liedm.lt\/wp-content\/plugins\/gutentor\/assets\/img\/default-image.jpg\"\/><\/div><\/div><div class=\"gutentor-single-item-content\"><h5 class=\"gutentor-single-item-title\">Gediminas Radzvickas<\/h5><p class=\"gutentor-single-item-designation\">Lietuvos in\u017einerijos kolegija<\/p><\/div><\/div><\/div><\/div><\/div><\/div><\/section>\n\n\n\n\n\n\n","protected":false},"excerpt":{"rendered":"","protected":false},"author":1,"featured_media":0,"parent":0,"menu_order":0,"comment_status":"closed","ping_status":"closed","template":"","meta":{"footnotes":""},"class_list":["post-365","page","type-page","status-publish","hentry"],"_links":{"self":[{"href":"https:\/\/www.liedm.lt\/index.php\/wp-json\/wp\/v2\/pages\/365","targetHints":{"allow":["GET"]}}],"collection":[{"href":"https:\/\/www.liedm.lt\/index.php\/wp-json\/wp\/v2\/pages"}],"about":[{"href":"https:\/\/www.liedm.lt\/index.php\/wp-json\/wp\/v2\/types\/page"}],"author":[{"embeddable":true,"href":"https:\/\/www.liedm.lt\/index.php\/wp-json\/wp\/v2\/users\/1"}],"replies":[{"embeddable":true,"href":"https:\/\/www.liedm.lt\/index.php\/wp-json\/wp\/v2\/comments?post=365"}],"version-history":[{"count":41,"href":"https:\/\/www.liedm.lt\/index.php\/wp-json\/wp\/v2\/pages\/365\/revisions"}],"predecessor-version":[{"id":3260,"href":"https:\/\/www.liedm.lt\/index.php\/wp-json\/wp\/v2\/pages\/365\/revisions\/3260"}],"wp:attachment":[{"href":"https:\/\/www.liedm.lt\/index.php\/wp-json\/wp\/v2\/media?parent=365"}],"curies":[{"name":"wp","href":"https:\/\/api.w.org\/{rel}","templated":true}]}}