{"id":371,"date":"2022-02-11T11:40:29","date_gmt":"2022-02-11T11:40:29","guid":{"rendered":"http:\/\/127.0.0.1\/liedm\/?page_id=371"},"modified":"2023-05-23T05:27:47","modified_gmt":"2023-05-23T05:27:47","slug":"moodle","status":"publish","type":"page","link":"https:\/\/www.liedm.lt\/index.php\/moodle\/","title":{"rendered":"MOODLE paslaugos"},"content":{"rendered":"\n<p><\/p>\n\n\n\n<section id=\"33fc02\" class=\"section-33fc02 gutentor-module gutentor-module-accordion gutentor-module-accordion-enable-toggle\"><div class=\"grid-container\">\n<div id=\"0d34fc\" class=\"wp-block-gutentor-m6-item section-0d34fc gutentor-module gutentor-module-accordion-item\"><div class=\"gutentor-module-accordion-panel g-a-panel-33fc02 gutentor-module-accordion-active\"><div tabindex=\"0\" class=\"gm-ah-33fc02 gutentor-module-accordion-item-heading gutentor-module-icon-position-right\"><span class=\"gutentor-module-accordion-panel-handler\" role=\"button\"><span class=\"gutentor-module-accordion-panel-handler-label\">Apie MOODLE<\/span><span class=\"gutentor-module-accordion-icon gutentor-module-accordion-icon-active gutentor-enabled-width\"><i class=\"gm-aio-33fc02 gutentor-module-accordion-icon-open fas fa-angle-down\"><\/i><i class=\"gm-aic-33fc02 gutentor-module-accordion-icon-close fas fa-angle-up\"><\/i><\/span><\/span><\/div><div class=\"gm-ab-33fc02 gutentor-module-accordion-body\">\n<section id=\"gma30291d\" class=\"wp-block-gutentor-m4 section-gma30291d gutentor-module gutentor-advanced-columns\"><div class=\"grid-container\"><div class=\"grid-row\">\n<div id=\"col-gm993957\" class=\"wp-block-gutentor-m4-col col-gm993957 gutentor-single-column  grid-lg-5 grid-md-12 grid-12\"><div id=\"section-gm993957\" class=\"section-gm993957 gutentor-col-wrap\">\n<div id=\"section-g78e1fd\" class=\"wp-block-gutentor-e6 section-g78e1fd gutentor-element gutentor-element-image text-align-center-mobile\"><div class=\"gutentor-element-image-box\"><div class=\"gutentor-image-thumb\"><img decoding=\"async\" class=\"normal-image\" src=\"https:\/\/liedm.lt\/wp-content\/uploads\/2022\/02\/download-1.png\"\/><\/div><\/div><\/div>\n<\/div><\/div>\n\n\n\n<div id=\"col-gmfbfe00\" class=\"wp-block-gutentor-m4-col col-gmfbfe00 gutentor-single-column  grid-lg-7 grid-md-12 grid-12\"><div id=\"section-gmfbfe00\" class=\"section-gmfbfe00 gutentor-col-wrap\">\n<div id=\"section-g1e5dac\" class=\"wp-block-gutentor-e0 section-g1e5dac gutentor-element gutentor-element-advanced-text\"><div class=\"gutentor-text-wrap\"><h4 class=\"gutentor-text\"><\/h4><\/div><\/div>\n\n\n\n<div id=\"section-gf31b5c\" class=\"wp-block-gutentor-e0 section-gf31b5c gutentor-element gutentor-element-advanced-text\"><div class=\"gutentor-text-wrap\"><p class=\"gutentor-text\">MOODLE <em>(angl.&nbsp; Modular Object Orientiered Dynamic Learning Environment)<\/em> &#8211; tai lanksti atvirojo kodo mokymosi valdymo sistema, dar \u017einoma kaip virtualioji mokymosi aplinka (trumpiau VMA MOODLE) turinti&nbsp; mokymosi med\u017eiagos projektavimo \u012frankius, interaktyviosios s\u0105veikos priemones; (a)sinchroninio bendravimo ir bendradarbiavimo priemones bei turinio, naudotoj\u0173 ir aplinkos administravimo \u012frankius. \u0160iuo metu VMA MOODLE yra viena populiariausi\u0173 mokymosi aplink\u0173. Ja naudojasi daugiau nei 240 \u0161ali\u0173 ir daugiau nei 310 milijon\u0173 naudotoj\u0173 visame pasaulyje. Lietuvoje registruota daugiau kaip 350 MOODLE svetain\u0117s (<a href=\"https:\/\/stats.moodle.org\/\">https:\/\/stats.moodle.org<\/a> duomenimis \u012ftrauktos tik tos svetain\u0117s, kurios yra publikuojamas vie\u0161ai).<br><br>MOODLE pirm\u0105 kart\u0105 i\u0161vystyta 2001 m. Martin Dougiamo, remiantis id\u0117ja suteikti mokytojams ir d\u0117stytojams pakankamai paprastus ir nesud\u0117tingai valdomus \u012frankius, leid\u017eian\u010dius realizuoti, valdyti bei sekti mokymosi pa\u017eang\u0105 veikl\u0173, kurios \u012ftraukt\u0173 besimokan\u010diuosius \u012f aktyv\u0173 mokym\u0105si bendradarbiaujant ir bendraujant. MOODLE yra palaikoma sertifikuot\u0173 MOODLE partneri\u0173 visame pasaulyje. Nor\u0117dami su\u017einoti daugiau apie MOODLE, apsilankykite oficialioje MOODLE svetain\u0117je <a href=\"https:\/\/moodle.org\/\">moodle.org<\/a>.<\/p><\/div><\/div>\n\n\n\n<p><\/p>\n<\/div><\/div>\n<\/div><\/div><\/section>\n<\/div><\/div><\/div>\n\n\n\n<div id=\"4baf1e\" class=\"wp-block-gutentor-m6-item section-4baf1e gutentor-module gutentor-module-accordion-item\"><div class=\"gutentor-module-accordion-panel g-a-panel-33fc02\"><div tabindex=\"0\" class=\"gm-ah-33fc02 gutentor-module-accordion-item-heading gutentor-module-icon-position-right\"><span class=\"gutentor-module-accordion-panel-handler\" role=\"button\"><span class=\"gutentor-module-accordion-panel-handler-label\">MOODLE platformos privalumai<\/span><span class=\"gutentor-module-accordion-icon gutentor-enabled-width\"><i class=\"gm-aio-33fc02 gutentor-module-accordion-icon-open fas fa-angle-down\"><\/i><i class=\"gm-aic-33fc02 gutentor-module-accordion-icon-close fas fa-angle-up\"><\/i><\/span><\/span><\/div><div class=\"gm-ab-33fc02 gutentor-module-accordion-body\">\n<div id=\"section-gc953d6\" class=\"wp-block-gutentor-e7 section-gc953d6 gutentor-element gutentor-element-list\"><ul class=\"grid-row gutentor-grid-item-wrap list-indicator-icon\"><li class=\"gutentor-list-item grid-lg-12 grid-md-12 grid-12\"><span class=\"gutentor-single-item gutentor-single-item-0\"><span class=\"gutentor-list-item-wrap g-s-list-wrap\"><span class=\"gutentor-single-list-item-icon\"><i class=\"list-item-icon fas fa-caret-right\"><\/i><\/span><span class=\"gutentor-list-item\"><p class=\"gutentor-single-item-title\">\u012evairiapusi\u0161kai administruojama.<\/p><\/span><\/span><\/span><\/li><li class=\"gutentor-list-item grid-lg-12 grid-md-12 grid-12\"><span class=\"gutentor-single-item gutentor-single-item-1\"><span class=\"gutentor-list-item-wrap g-s-list-wrap\"><span class=\"gutentor-single-list-item-icon\"><i class=\"list-item-icon fas fa-caret-right\"><\/i><\/span><span class=\"gutentor-list-item\"><p class=\"gutentor-single-item-title\">Visi\u0161kai pritaikoma pagal kiekvienos institucijos ar mokymosi proceso dalyvi\u0173 poreikius.<\/p><\/span><\/span><\/span><\/li><li class=\"gutentor-list-item grid-lg-12 grid-md-12 grid-12\"><span class=\"gutentor-single-item gutentor-single-item-2\"><span class=\"gutentor-list-item-wrap g-s-list-wrap\"><span class=\"gutentor-single-list-item-icon\"><i class=\"list-item-icon fas fa-caret-right\"><\/i><\/span><span class=\"gutentor-list-item\"><p class=\"gutentor-single-item-title\">Leid\u017eianti kurti kursus su \u012fvairialype mokymosi med\u017eiaga.<\/p><\/span><\/span><\/span><\/li><li class=\"gutentor-list-item grid-lg-12 grid-md-12 grid-12\"><span class=\"gutentor-single-item gutentor-single-item-3\"><span class=\"gutentor-list-item-wrap g-s-list-wrap\"><span class=\"gutentor-single-list-item-icon\"><i class=\"list-item-icon fas fa-caret-right\"><\/i><\/span><span class=\"gutentor-list-item\"><p class=\"gutentor-single-item-title\">\u012egalinanti besimokan\u010di\u0173j\u0173 bendravim\u0105 ir bendradarbiavim\u0105, \u017eini\u0173 patikr\u0105.<\/p><\/span><\/span><\/span><\/li><li class=\"gutentor-list-item grid-lg-12 grid-md-12 grid-12\"><span class=\"gutentor-single-item gutentor-single-item-4\"><span class=\"gutentor-list-item-wrap g-s-list-wrap\"><span class=\"gutentor-single-list-item-icon\"><i class=\"list-item-icon fas fa-caret-right\"><\/i><\/span><span class=\"gutentor-list-item\"><p class=\"gutentor-single-item-title\">Turinti u\u017eduo\u010di\u0173 pateikimo ir vertinimo \u012frankius.<\/p><\/span><\/span><\/span><\/li><li class=\"gutentor-list-item grid-lg-12 grid-md-12 grid-12\"><span class=\"gutentor-single-item gutentor-single-item-5\"><span class=\"gutentor-list-item-wrap g-s-list-wrap\"><span class=\"gutentor-single-list-item-icon\"><i class=\"list-item-icon fas fa-caret-right\"><\/i><\/span><span class=\"gutentor-list-item\"><p class=\"gutentor-single-item-title\">Turinti mokymosi progreso sekimo bei pasiekim\u0173 analiz\u0117s \u012frankius.<\/p><\/span><\/span><\/span><\/li><li class=\"gutentor-list-item grid-lg-12 grid-md-12 grid-12\"><span class=\"gutentor-single-item gutentor-single-item-6\"><span class=\"gutentor-list-item-wrap g-s-list-wrap\"><span class=\"gutentor-single-list-item-icon\"><i class=\"list-item-icon fas fa-caret-right\"><\/i><\/span><span class=\"gutentor-list-item\"><p class=\"gutentor-single-item-title\">Mokymosi med\u017eiagos pateikimas skirtingais formatais.<\/p><\/span><\/span><\/span><\/li><li class=\"gutentor-list-item grid-lg-12 grid-md-12 grid-12\"><span class=\"gutentor-single-item gutentor-single-item-7\"><span class=\"gutentor-list-item-wrap g-s-list-wrap\"><span class=\"gutentor-single-list-item-icon\"><i class=\"list-item-icon fas fa-caret-right\"><\/i><\/span><span class=\"gutentor-list-item\"><p class=\"gutentor-single-item-title\">Interaktyvaus turinio k\u016brimas ir pateikimas.<\/p><\/span><\/span><\/span><\/li><li class=\"gutentor-list-item grid-lg-12 grid-md-12 grid-12\"><span class=\"gutentor-single-item gutentor-single-item-8\"><span class=\"gutentor-list-item-wrap g-s-list-wrap\"><span class=\"gutentor-single-list-item-icon\"><i class=\"list-item-icon fas fa-caret-right\"><\/i><\/span><span class=\"gutentor-list-item\"><p class=\"gutentor-single-item-title\">Turinio valdymo \u012frankiai.<\/p><\/span><\/span><\/span><\/li><li class=\"gutentor-list-item grid-lg-12 grid-md-12 grid-12\"><span class=\"gutentor-single-item gutentor-single-item-9\"><span class=\"gutentor-list-item-wrap g-s-list-wrap\"><span class=\"gutentor-single-list-item-icon\"><i class=\"list-item-icon fas fa-caret-right\"><\/i><\/span><span class=\"gutentor-list-item\"><p class=\"gutentor-single-item-title\">Nuolat pl\u0117tojamas funkcionalumas.<\/p><\/span><\/span><\/span><\/li><li class=\"gutentor-list-item grid-lg-12 grid-md-12 grid-12\"><span class=\"gutentor-single-item gutentor-single-item-10\"><span class=\"gutentor-list-item-wrap g-s-list-wrap\"><span class=\"gutentor-single-list-item-icon\"><i class=\"list-item-icon fas fa-caret-right\"><\/i><\/span><span class=\"gutentor-list-item\"><p class=\"gutentor-single-item-title\">Nuolatinis atnaujinimas (versijos kinta 2 kartus metuose).<\/p><\/span><\/span><\/span><\/li><\/ul><\/div>\n\n\n\n<div id=\"section-g050f5f\" class=\"wp-block-gutentor-e0 section-g050f5f gutentor-element gutentor-element-advanced-text\"><div class=\"gutentor-text-wrap\"><p class=\"gutentor-text\"><br><\/p><\/div><\/div>\n<\/div><\/div><\/div>\n<\/div><\/section>\n\n\n\n<section id=\"section-141f2020-374b-4680-8a32-0ccad8a87720\" class=\"wp-block-gutentor-list gutentor-section gutentor-list-wrapper list-template1 has-color-bg has-custom-bg has-gutentor-overlay\"><div class=\"grid-container\"><div class=\"gutentor-block-header\"><div class=\"gutentor-section-title text-center\"><h2 class=\"gutentor-title\"><strong>LieDM konsorciumo nariams si\u016blome<\/strong><br><br><br>LieDM techninio centro specialistai teikia \u0161ias virtualiosios mokymosi aplinkos MOODLE diegimo bei palaikymo paslaugas:<\/h2><\/div><\/div><ul class=\"grid-row gutentor-grid-item-wrap list-indicator-icon text-left\"><li class=\"gutentor-list-item grid-lg-4 grid-12 grid-12\"><span class=\"gutentor-single-item gutentor-single-item-0\"><span class=\"gutentor-list-item-wrap\"><span class=\"gutentor-single-list-item-icon\"><i class=\"list-item-icon fas fa-check\"><\/i><\/span><span class=\"gutentor-list-item\"><p class=\"gutentor-single-item-title\">analizuoja institucijos taikomus arba planuojamus taikyti virtualaus, nuotolinio, hibridinio mokymo metodus<\/p><\/span><\/span><\/span><\/li><li class=\"gutentor-list-item grid-lg-4 grid-12 grid-12\"><span class=\"gutentor-single-item gutentor-single-item-1\"><span class=\"gutentor-list-item-wrap\"><span class=\"gutentor-single-list-item-icon\"><i class=\"list-item-icon fas fa-check\"><\/i><\/span><span class=\"gutentor-list-item\"><p class=\"gutentor-single-item-title\">nustato poreik\u012f e.\u202fmokymosi technologijoms bei rekomenduoja tinkamiausius e.\u202fmokymosi \u012frankius bei j\u0173 panaudojimo modelius<\/p><\/span><\/span><\/span><\/li><li class=\"gutentor-list-item grid-lg-4 grid-12 grid-12\"><span class=\"gutentor-single-item gutentor-single-item-2\"><span class=\"gutentor-list-item-wrap\"><span class=\"gutentor-single-list-item-icon\"><i class=\"list-item-icon fas fa-check\"><\/i><\/span><span class=\"gutentor-list-item\"><p class=\"gutentor-single-item-title\">nustato planuojamos diegti virtualiosios mokymosi aplinkos techninius bei konfig\u016bravimo parametrus<\/p><\/span><\/span><\/span><\/li><li class=\"gutentor-list-item grid-lg-4 grid-12 grid-12\"><span class=\"gutentor-single-item gutentor-single-item-3\"><span class=\"gutentor-list-item-wrap\"><span class=\"gutentor-single-list-item-icon\"><i class=\"list-item-icon fas fa-check\"><\/i><\/span><span class=\"gutentor-list-item\"><p class=\"gutentor-single-item-title\">parengia institucijos informacini\u0173 sistem\u0173 integracij\u0173 su diegiama virtuali\u0105ja mokymosi aplinka sprendim\u0173 projektus bei konsultuoja institucijos specialistus j\u0173 realizavimo eigoje<\/p><\/span><\/span><\/span><\/li><li class=\"gutentor-list-item grid-lg-4 grid-12 grid-12\"><span class=\"gutentor-single-item gutentor-single-item-4\"><span class=\"gutentor-list-item-wrap\"><span class=\"gutentor-single-list-item-icon\"><i class=\"list-item-icon fas fa-check\"><\/i><\/span><span class=\"gutentor-list-item\"><p class=\"gutentor-single-item-title\">atsi\u017evelgiant \u012f numatom\u0105 virtualiosios aplinkos naudojimo intensyvum\u0105, mokomosios med\u017eiagos bei besimokan\u010di\u0173j\u0173 \u012fkeliam\u0173 darb\u0173 kiek\u012f, kuria ir diegia atitinkam\u0173 technini\u0173 parametr\u0173 virtualius dedikuotus serverius<\/p><\/span><\/span><\/span><\/li><li class=\"gutentor-list-item grid-lg-4 grid-12 grid-12\"><span class=\"gutentor-single-item gutentor-single-item-5\"><span class=\"gutentor-list-item-wrap\"><span class=\"gutentor-single-list-item-icon\"><i class=\"list-item-icon fas fa-check\"><\/i><\/span><span class=\"gutentor-list-item\"><p class=\"gutentor-single-item-title\"> institucijos MOODLE aplinkai suteikia LieDM adres\u0105 (pvz. <em>institucija.vma.liedm.lt<\/em>) arba priskiria institucijos turim\u0105 interneto adres\u0105\u00a0 (pvz. <em>moodle.institucija.lt)<\/em><\/p><\/span><\/span><\/span><\/li><li class=\"gutentor-list-item grid-lg-4 grid-12 grid-12\"><span class=\"gutentor-single-item gutentor-single-item-6\"><span class=\"gutentor-list-item-wrap\"><span class=\"gutentor-single-list-item-icon\"><i class=\"list-item-icon fas fa-check\"><\/i><\/span><span class=\"gutentor-list-item\"><p class=\"gutentor-single-item-title\">siekiant pilnai \u012fgalinti vis\u0105 virtualiosios mokymosi aplinkos MOODLE funkcionalum\u0105 virtualiuose serveriuose \u012fdiegia specialiai Moodle priderint\u0105 LINUX operacin\u0119 sistema bei kitus b\u016btinus ar rekomenduotinus programin\u0117s \u012frangos komponentus<\/p><\/span><\/span><\/span><\/li><li class=\"gutentor-list-item grid-lg-4 grid-12 grid-12\"><span class=\"gutentor-single-item gutentor-single-item-7\"><span class=\"gutentor-list-item-wrap\"><span class=\"gutentor-single-list-item-icon\"><i class=\"list-item-icon fas fa-check\"><\/i><\/span><span class=\"gutentor-list-item\"><p class=\"gutentor-single-item-title\">siekiant u\u017etikrinti skland\u0173 virtuali\u0173j\u0173 mokymosi aplink\u0173 darb\u0105 Moodle sistem\u0105 aptarnaujan\u010diuose serveriuose diegiamos papildomos, LieDM techninio centro specialist\u0173 sukurtos, valdymo bei steb\u0117jimo priemones<\/p><\/span><\/span><\/span><\/li><li class=\"gutentor-list-item grid-lg-4 grid-12 grid-12\"><span class=\"gutentor-single-item gutentor-single-item-8\"><span class=\"gutentor-list-item-wrap\"><span class=\"gutentor-single-list-item-icon\"><i class=\"list-item-icon fas fa-check\"><\/i><\/span><span class=\"gutentor-list-item\"><p class=\"gutentor-single-item-title\">MOODLE sistem\u0105 aptarnaujan\u010diuose serveriuose nuolat diegia programin\u0117s \u012frangos bei saugumo atnaujinimus, kuria serveri\u0173 atsargines kopijas<\/p><\/span><\/span><\/span><\/li><li class=\"gutentor-list-item grid-lg-4 grid-12 grid-12\"><span class=\"gutentor-single-item gutentor-single-item-9\"><span class=\"gutentor-list-item-wrap\"><span class=\"gutentor-single-list-item-icon\"><i class=\"list-item-icon fas fa-check\"><\/i><\/span><span class=\"gutentor-list-item\"><p class=\"gutentor-single-item-title\">atlieka aplinkos individualizavimo, grafinio apipavidalinimo darbus, priderina dizaino tem\u0105 prie \u012fmon\u0117s firminio stiliaus<\/p><\/span><\/span><\/span><\/li><li class=\"gutentor-list-item grid-lg-4 grid-12 grid-12\"><span class=\"gutentor-single-item gutentor-single-item-10\"><span class=\"gutentor-list-item-wrap\"><span class=\"gutentor-single-list-item-icon\"><i class=\"list-item-icon fas fa-check\"><\/i><\/span><span class=\"gutentor-list-item\"><p class=\"gutentor-single-item-title\">ple\u010dia MOODLE funkcionalum\u0105 pagal individualizuotus poreikius &#8211; kuria bei diegia tre\u010di\u0173j\u0173 \u0161ali\u0173 papildinius, ataskait\u0173 modulius, konfig\u016bruoja bei priderina MOODLE aplink\u0105 prie \u012fstaigos studij\u0173 proces\u0173<\/p><\/span><\/span><\/span><\/li><li class=\"gutentor-list-item grid-lg-4 grid-12 grid-12\"><span class=\"gutentor-single-item gutentor-single-item-11\"><span class=\"gutentor-list-item-wrap\"><span class=\"gutentor-single-list-item-icon\"><i class=\"list-item-icon fas fa-check\"><\/i><\/span><span class=\"gutentor-list-item\"><p class=\"gutentor-single-item-title\">diegia bei su virtuali\u0105ja mokymosi aplinka integruoja vaizdo konferencij\u0173, tiesiogini\u0173 vaizdo paskait\u0173 transliavimo \u012frankius,<\/p><\/span><\/span><\/span><\/li><li class=\"gutentor-list-item grid-lg-4 grid-12 grid-12\"><span class=\"gutentor-single-item gutentor-single-item-12\"><span class=\"gutentor-list-item-wrap\"><span class=\"gutentor-single-list-item-icon\"><i class=\"list-item-icon fas fa-check\"><\/i><\/span><span class=\"gutentor-list-item\"><p class=\"gutentor-single-item-title\">konfig\u016bruoja ir diegia statistin\u0117s analiz\u0117s, mokymosi progreso steb\u0117senos \u012frankius<\/p><\/span><\/span><\/span><\/li><li class=\"gutentor-list-item grid-lg-4 grid-12 grid-12\"><span class=\"gutentor-single-item gutentor-single-item-13\"><span class=\"gutentor-list-item-wrap\"><span class=\"gutentor-single-list-item-icon\"><i class=\"list-item-icon fas fa-check\"><\/i><\/span><span class=\"gutentor-list-item\"><p class=\"gutentor-single-item-title\">susieja MOODLE naudotojus su \u012fstaigos student\u0173 ar personalo duomen\u0173 baz\u0117mis<\/p><\/span><\/span><\/span><\/li><li class=\"gutentor-list-item grid-lg-4 grid-12 grid-12\"><span class=\"gutentor-single-item gutentor-single-item-14\"><span class=\"gutentor-list-item-wrap\"><span class=\"gutentor-single-list-item-icon\"><i class=\"list-item-icon fas fa-check\"><\/i><\/span><span class=\"gutentor-list-item\"><p class=\"gutentor-single-item-title\">\u012fgalina vartotoj\u0173 k\u016brim\u0105 bei autentifikavim\u0105 MOODLE i\u0161 \u012fvairi\u0173 i\u0161orini\u0173 \u0161altini\u0173<\/p><\/span><\/span><\/span><\/li><li class=\"gutentor-list-item grid-lg-4 grid-12 grid-12\"><span class=\"gutentor-single-item gutentor-single-item-15\"><span class=\"gutentor-list-item-wrap\"><span class=\"gutentor-single-list-item-icon\"><i class=\"list-item-icon fas fa-check\"><\/i><\/span><span class=\"gutentor-list-item\"><p class=\"gutentor-single-item-title\">nuolat atlieka lietuvi\u0173 kalbos paketo aktualizavim\u0105 &#8211; LieDM konsorciumo nariai sudar\u0117 daugiau 90% dabartinio MOODLE lietuvi\u0173 kalbos paketo ir toliau ver\u010dia naujus MOODLE tekstus<\/p><\/span><\/span><\/span><\/li><li class=\"gutentor-list-item grid-lg-4 grid-12 grid-12\"><span class=\"gutentor-single-item gutentor-single-item-16\"><span class=\"gutentor-list-item-wrap\"><span class=\"gutentor-single-list-item-icon\"><i class=\"list-item-icon fas fa-check\"><\/i><\/span><span class=\"gutentor-list-item\"><p class=\"gutentor-single-item-title\">kuria, diegia ir palaiko mokymo valdymo sistemas, atitinkan\u010dias unikalius institucijos poreikius<\/p><\/span><\/span><\/span><\/li><li class=\"gutentor-list-item grid-lg-4 grid-12 grid-12\"><span class=\"gutentor-single-item gutentor-single-item-17\"><span class=\"gutentor-list-item-wrap\"><span class=\"gutentor-single-list-item-icon\"><i class=\"list-item-icon fas fa-check\"><\/i><\/span><span class=\"gutentor-list-item\"><p class=\"gutentor-single-item-title\">teikia pagalb\u0105, konsultacijas ir mokymus MOODLE administratoriams ir mokymosi turinio k\u016br\u0117jams<\/p><\/span><\/span><\/span><\/li><\/ul><\/div><\/section>\n\n\n\n<section id=\"section-cac949f2-1ba1-4d9e-a553-1fa98c61266a\" class=\"wp-block-gutentor-call-to-action gutentor-section  gutentor-calltoaction call-to-action-template3 has-image-bg has-custom-bg text-left\"><div class=\"grid-container\"><div class=\"gutentor-grid-item-wrap\"><div class=\"gutentor-single-item\"><div class=\"gutentor-single-item-content\"><h2 class=\"gutentor-single-item-title\"> Norite tapti LieDM konsorciumo nariu?<\/h2><div class=\"gutentor-single-item-desc\"><p class=\"gutentor-single-item-desc\"><strong>susisiekite su m\u016bs\u0173 komanda<\/strong><\/p><\/div><div class=\"gutentor-button-group\"><a class=\"gutentor-button gutentor-single-item-button gutentor-icon-hide\" href=\"https:\/\/liedm.lt\/index.php\/pages\/\"><i class=\"gutentor-button-icon fas fa-book\"><\/i><span>daugiau<\/span><\/a><\/div><\/div><\/div><\/div><\/div><\/section>\n","protected":false},"excerpt":{"rendered":"","protected":false},"author":1,"featured_media":0,"parent":0,"menu_order":0,"comment_status":"closed","ping_status":"closed","template":"template-gutentor-full-width.php","meta":{"footnotes":""},"class_list":["post-371","page","type-page","status-publish","hentry"],"_links":{"self":[{"href":"https:\/\/www.liedm.lt\/index.php\/wp-json\/wp\/v2\/pages\/371","targetHints":{"allow":["GET"]}}],"collection":[{"href":"https:\/\/www.liedm.lt\/index.php\/wp-json\/wp\/v2\/pages"}],"about":[{"href":"https:\/\/www.liedm.lt\/index.php\/wp-json\/wp\/v2\/types\/page"}],"author":[{"embeddable":true,"href":"https:\/\/www.liedm.lt\/index.php\/wp-json\/wp\/v2\/users\/1"}],"replies":[{"embeddable":true,"href":"https:\/\/www.liedm.lt\/index.php\/wp-json\/wp\/v2\/comments?post=371"}],"version-history":[{"count":1,"href":"https:\/\/www.liedm.lt\/index.php\/wp-json\/wp\/v2\/pages\/371\/revisions"}],"predecessor-version":[{"id":2619,"href":"https:\/\/www.liedm.lt\/index.php\/wp-json\/wp\/v2\/pages\/371\/revisions\/2619"}],"wp:attachment":[{"href":"https:\/\/www.liedm.lt\/index.php\/wp-json\/wp\/v2\/media?parent=371"}],"curies":[{"name":"wp","href":"https:\/\/api.w.org\/{rel}","templated":true}]}}