{"id":373,"date":"2022-02-11T11:40:39","date_gmt":"2022-02-11T11:40:39","guid":{"rendered":"http:\/\/127.0.0.1\/liedm\/?page_id=373"},"modified":"2022-06-23T06:34:35","modified_gmt":"2022-06-23T06:34:35","slug":"zoom","status":"publish","type":"page","link":"https:\/\/www.liedm.lt\/index.php\/zoom\/","title":{"rendered":"Vaizo konferencij\u0173 programa ZOOM"},"content":{"rendered":"\n<p><\/p>\n\n\n\n<section id=\"1adc2e\" class=\"section-1adc2e gutentor-module gutentor-module-accordion gutentor-module-accordion-enable-toggle\"><div class=\"grid-container\">\n<div id=\"caa62c\" class=\"wp-block-gutentor-m6-item section-caa62c gutentor-module gutentor-module-accordion-item\"><div class=\"gutentor-module-accordion-panel g-a-panel-1adc2e gutentor-module-accordion-active\"><div class=\"gm-ah-1adc2e gutentor-module-accordion-item-heading gutentor-module-icon-position-right\"><span class=\"gutentor-module-accordion-panel-handler\" role=\"button\"><span class=\"gutentor-module-accordion-panel-handler-label\"><strong>ZOOM<\/strong> yra debes\u0173 kompiuterijos pagrindu veikianti vaizdo bendravimo programa, kuria galite rengti virtualias vaizdo ir garso konferencijas, nuotolinius seminarus, paskaitas, tiesiogines rengini\u0173 transliacijas. Programa pad\u0117s u\u017etikrinti, kad vidin\u0117 \u012fstaigos komunikacija vykt\u0173 skland\u017eiai, greitai ir efektyviai.\u00a0<\/span><span class=\"gutentor-module-accordion-icon gutentor-module-accordion-icon-active gutentor-enabled-width\"><i class=\"gm-aio-1adc2e gutentor-module-accordion-icon-open fas fa-angle-down\"><\/i><i class=\"gm-aic-1adc2e gutentor-module-accordion-icon-close fas fa-angle-up\"><\/i><\/span><\/span><\/div><div class=\"gm-ab-1adc2e gutentor-module-accordion-body\">\n<section id=\"gm8688fe7\" class=\"wp-block-gutentor-m4 section-gm8688fe7 gutentor-module gutentor-advanced-columns\"><div class=\"grid-container\"><div class=\"grid-row\">\n<div id=\"col-gm6ed0a7\" class=\"wp-block-gutentor-m4-col col-gm6ed0a7 gutentor-single-column  grid-lg-5 grid-md-12 grid-12\"><div id=\"section-gm6ed0a7\" class=\"section-gm6ed0a7 gutentor-col-wrap\">\n<div id=\"section-g6146e4\" class=\"wp-block-gutentor-e6 section-g6146e4 gutentor-element gutentor-element-image text-align-center-mobile\"><div class=\"gutentor-element-image-box\"><div class=\"gutentor-image-thumb\"><img decoding=\"async\" class=\"normal-image\" src=\"https:\/\/liedm.lt\/wp-content\/uploads\/2022\/02\/zoom-2-1.jpg\"\/><\/div><\/div><\/div>\n<\/div><\/div>\n\n\n\n<div id=\"col-gmb90712\" class=\"wp-block-gutentor-m4-col col-gmb90712 gutentor-single-column  grid-lg-7 grid-md-12 grid-12\"><div id=\"section-gmb90712\" class=\"section-gmb90712 gutentor-col-wrap\">\n<div id=\"section-gf12c51\" class=\"wp-block-gutentor-e0 section-gf12c51 gutentor-element gutentor-element-advanced-text\"><div class=\"gutentor-text-wrap\"><h4 class=\"gutentor-text\">Apie ZOOM<\/h4><\/div><\/div>\n\n\n\n<div id=\"section-g7f1bd4\" class=\"wp-block-gutentor-e0 section-g7f1bd4 gutentor-element gutentor-element-advanced-text\"><div class=\"gutentor-text-wrap\"><p class=\"gutentor-text\">Programa ZOOM patraukli ne tik funkcij\u0173 gausa, bet ir savo paprastumu. Ja lengva prad\u0117ti naudotis, nes programa yra itin draugi\u0161ka vartotojui \u2013 svarbiausius dalykus pradedantysis naudotojas atras ir i\u0161moks taikyti intuityviai. Populiariausios funkcijos, pvz., galerijos vaizdas konferencijos metu, leid\u017eiantis vienu metu matyti visus skambu\u010dio dalyvius, \u012fdiegtos tiesiai \u012f ZOOM program\u0105.<br><br>ZOOM naudojama jau kelet\u0105 met\u0173 tiek Lietuvos, tiek u\u017esienio rinkose, tiek auk\u0161tojo mokslo \u012fstaigose, tiek priva\u010diose \u012fmon\u0117se. Prasid\u0117jus pasaulinei pandemijai, ZOOM sulauk\u0117 ne\u012ftik\u0117tino populiarumo, o Lietuvoje tapo nuotolinio bendravimo program\u0173 lydere. Prireikus kontaktines studijas kuo grei\u010diau perkelti \u012f virtuali\u0105j\u0105 erdv\u0119, LieDM konsorciumas savo nariams nedelsdamas pasi\u016bl\u0117 reikiam\u0105 ZOOM &nbsp;licencij\u0173 skai\u010di\u0173 bei nemokamus mokymus d\u0117stytojams.<\/p><\/div><\/div>\n\n\n\n<p><\/p>\n<\/div><\/div>\n<\/div><\/div><\/section>\n<\/div><\/div><\/div>\n\n\n\n<div id=\"f21772\" class=\"wp-block-gutentor-m6-item section-f21772 gutentor-module gutentor-module-accordion-item\"><div class=\"gutentor-module-accordion-panel g-a-panel-1adc2e\"><div class=\"gm-ah-1adc2e gutentor-module-accordion-item-heading gutentor-module-icon-position-right\"><span class=\"gutentor-module-accordion-panel-handler\" role=\"button\"><span class=\"gutentor-module-accordion-panel-handler-label\"><strong>ZOOM<\/strong> <strong>galimyb\u0117s<\/strong><\/span><span class=\"gutentor-module-accordion-icon gutentor-enabled-width\"><i class=\"gm-aio-1adc2e gutentor-module-accordion-icon-open fas fa-angle-down\"><\/i><i class=\"gm-aic-1adc2e gutentor-module-accordion-icon-close fas fa-angle-up\"><\/i><\/span><\/span><\/div><div class=\"gm-ab-1adc2e gutentor-module-accordion-body\">\n<div id=\"section-g79c938\" class=\"wp-block-gutentor-e0 section-g79c938 gutentor-element gutentor-element-advanced-text\"><div class=\"gutentor-text-wrap\"><p class=\"gutentor-text\"><\/p><\/div><\/div>\n\n\n\n<div id=\"section-gbd7397\" class=\"wp-block-gutentor-e7 section-gbd7397 gutentor-element gutentor-element-list\"><ul class=\"grid-row gutentor-grid-item-wrap list-indicator-icon\"><li class=\"gutentor-list-item grid-lg-12 grid-md-12 grid-12\"><span class=\"gutentor-single-item gutentor-single-item-0\"><span class=\"gutentor-list-item-wrap g-s-list-wrap\"><span class=\"gutentor-single-list-item-icon\"><i class=\"list-item-icon fas fa-caret-right\"><\/i><\/span><span class=\"gutentor-list-item\"><p class=\"gutentor-single-item-title\">Individual\u016bs susitikimai: galite rengti neribot\u0105 skai\u010di\u0173 individuali\u0173 susitikim\u0173.<\/p><\/span><\/span><\/span><\/li><li class=\"gutentor-list-item grid-lg-12 grid-md-12 grid-12\"><span class=\"gutentor-single-item gutentor-single-item-1\"><span class=\"gutentor-list-item-wrap g-s-list-wrap\"><span class=\"gutentor-single-list-item-icon\"><i class=\"list-item-icon fas fa-caret-right\"><\/i><\/span><span class=\"gutentor-list-item\"><p class=\"gutentor-single-item-title\">Grupin\u0117s vaizdo konferencijos: organizuokite konferencijas iki 300 dalyvi\u0173.<\/p><\/span><\/span><\/span><\/li><li class=\"gutentor-list-item grid-lg-12 grid-md-12 grid-12\"><span class=\"gutentor-single-item gutentor-single-item-2\"><span class=\"gutentor-list-item-wrap g-s-list-wrap\"><span class=\"gutentor-single-list-item-icon\"><i class=\"list-item-icon fas fa-caret-right\"><\/i><\/span><span class=\"gutentor-list-item\"><p class=\"gutentor-single-item-title\">Grupin\u0117s vaizdo konferencijos pla\u010diai auditorijai: organizuokite renginius, susitikimus, transliacijas ir internetinius seminarus (angl. webinar) net iki 1000 dalyvi\u0173. <\/p><\/span><\/span><\/span><\/li><li class=\"gutentor-list-item grid-lg-12 grid-md-12 grid-12\"><span class=\"gutentor-single-item gutentor-single-item-3\"><span class=\"gutentor-list-item-wrap g-s-list-wrap\"><span class=\"gutentor-single-list-item-icon\"><i class=\"list-item-icon fas fa-caret-right\"><\/i><\/span><span class=\"gutentor-list-item\"><p class=\"gutentor-single-item-title\">Grupin\u0117s vaizdo konferencijos pla\u010diai auditorijai: organizuokite renginius, susitikimus, transliacijas ir internetinius seminarus (angl. webinar) net iki 1000 dalyvi\u0173. Tam naudojamos specialios ZOOM licencijos \u201eLarge Meeting\u201c ir \u201eWebinar\u201c.<\/p><\/span><\/span><\/span><\/li><li class=\"gutentor-list-item grid-lg-12 grid-md-12 grid-12\"><span class=\"gutentor-single-item gutentor-single-item-4\"><span class=\"gutentor-list-item-wrap g-s-list-wrap\"><span class=\"gutentor-single-list-item-icon\"><i class=\"list-item-icon fas fa-caret-right\"><\/i><\/span><span class=\"gutentor-list-item\"><p class=\"gutentor-single-item-title\">Registracijos \u012f renginius: organizuodami rengin\u012f per ZOOM sukurkite \u012f j\u012f registracij\u0105.<\/p><\/span><\/span><\/span><\/li><li class=\"gutentor-list-item grid-lg-12 grid-md-12 grid-12\"><span class=\"gutentor-single-item gutentor-single-item-5\"><span class=\"gutentor-list-item-wrap g-s-list-wrap\"><span class=\"gutentor-single-list-item-icon\"><i class=\"list-item-icon fas fa-caret-right\"><\/i><\/span><span class=\"gutentor-list-item\"><p class=\"gutentor-single-item-title\">Vaizdo ir garso \u012fra\u0161ymas: galite \u012fra\u0161yti savo susitikimus, renginius ar paskaitas. Jie gali b\u016bti saugomi kompiuteryje ar ZOOM debesyje.<\/p><\/span><\/span><\/span><\/li><li class=\"gutentor-list-item grid-lg-12 grid-md-12 grid-12\"><span class=\"gutentor-single-item gutentor-single-item-6\"><span class=\"gutentor-list-item-wrap g-s-list-wrap\"><span class=\"gutentor-single-list-item-icon\"><i class=\"list-item-icon fas fa-caret-right\"><\/i><\/span><span class=\"gutentor-list-item\"><p class=\"gutentor-single-item-title\">Kompiuterio valdymas: naudodamiesi ZOOM programa galite valdyti kito \u017emogaus kompiuter\u012f.<\/p><\/span><\/span><\/span><\/li><li class=\"gutentor-list-item grid-lg-12 grid-md-12 grid-12\"><span class=\"gutentor-single-item gutentor-single-item-7\"><span class=\"gutentor-list-item-wrap g-s-list-wrap\"><span class=\"gutentor-single-list-item-icon\"><i class=\"list-item-icon fas fa-caret-right\"><\/i><\/span><span class=\"gutentor-list-item\"><p class=\"gutentor-single-item-title\">Skambu\u010diai: naudodamiesi telefonu galite organizuoti tik garso konferencijas.<\/p><\/span><\/span><\/span><\/li><li class=\"gutentor-list-item grid-lg-12 grid-md-12 grid-12\"><span class=\"gutentor-single-item gutentor-single-item-8\"><span class=\"gutentor-list-item-wrap g-s-list-wrap\"><span class=\"gutentor-single-list-item-icon\"><i class=\"list-item-icon fas fa-caret-right\"><\/i><\/span><span class=\"gutentor-list-item\"><p class=\"gutentor-single-item-title\">Tiesiogin\u0117s transliacijos: galite transliuoti vaizdo konferencijas tiesiogiai \u012f \u201eYouTube\u201c, \u201eFacebook\u201c ar kitas i\u0161orines platformas.<\/p><\/span><\/span><\/span><\/li><\/ul><\/div>\n<\/div><\/div><\/div>\n\n\n\n<div id=\"c356f2\" class=\"wp-block-gutentor-m6-item section-c356f2 gutentor-module gutentor-module-accordion-item\"><div class=\"gutentor-module-accordion-panel g-a-panel-1adc2e\"><div class=\"gm-ah-1adc2e gutentor-module-accordion-item-heading gutentor-module-icon-position-right\"><span class=\"gutentor-module-accordion-panel-handler\" role=\"button\"><span class=\"gutentor-module-accordion-panel-handler-label\">Vaizdo konferencijos metu gal\u0117site naudotis <strong>\u0161iomis funkcijomis<\/strong>:<\/span><span class=\"gutentor-module-accordion-icon gutentor-enabled-width\"><i class=\"gm-aio-1adc2e gutentor-module-accordion-icon-open fas fa-angle-down\"><\/i><i class=\"gm-aic-1adc2e gutentor-module-accordion-icon-close fas fa-angle-up\"><\/i><\/span><\/span><\/div><div class=\"gm-ab-1adc2e gutentor-module-accordion-body\">\n<div id=\"section-g845904\" class=\"wp-block-gutentor-e0 section-g845904 gutentor-element gutentor-element-advanced-text\"><div class=\"gutentor-text-wrap\"><p class=\"gutentor-text\"><\/p><\/div><\/div>\n\n\n\n<div id=\"section-ge3889e\" class=\"wp-block-gutentor-e7 section-ge3889e gutentor-element gutentor-element-list\"><ul class=\"grid-row gutentor-grid-item-wrap list-indicator-icon\"><li class=\"gutentor-list-item grid-lg-12 grid-md-12 grid-12\"><span class=\"gutentor-single-item gutentor-single-item-0\"><span class=\"gutentor-list-item-wrap g-s-list-wrap\"><span class=\"gutentor-single-list-item-icon\"><i class=\"list-item-icon fas fa-caret-right\"><\/i><\/span><span class=\"gutentor-list-item\"><p class=\"gutentor-single-item-title\">pasidalinti savo ekrano vaizdu su konferencijos dalyviais, kad jie matyt\u0173 tai, k\u0105 matote j\u016bs savo kompiuterio ekrane,<\/p><\/span><\/span><\/span><\/li><li class=\"gutentor-list-item grid-lg-12 grid-md-12 grid-12\"><span class=\"gutentor-single-item gutentor-single-item-1\"><span class=\"gutentor-list-item-wrap g-s-list-wrap\"><span class=\"gutentor-single-list-item-icon\"><i class=\"list-item-icon fas fa-caret-right\"><\/i><\/span><span class=\"gutentor-list-item\"><p class=\"gutentor-single-item-title\">per pokalbi\u0173 funkcij\u0105 (angl. <em>chat<\/em>) komunikuoti ra\u0161tu su dalyviais, parinkti \u017einu\u010di\u0173 ra\u0161ymo re\u017eim\u0105 (\u017einut\u0117s visai auditorijai, asmenin\u0117s \u017einut\u0117s tarp vis\u0173 dalyvi\u0173, <\/p><\/span><\/span><\/span><\/li><li class=\"gutentor-list-item grid-lg-12 grid-md-12 grid-12\"><span class=\"gutentor-single-item gutentor-single-item-2\"><span class=\"gutentor-list-item-wrap g-s-list-wrap\"><span class=\"gutentor-single-list-item-icon\"><i class=\"list-item-icon fas fa-caret-right\"><\/i><\/span><span class=\"gutentor-list-item\"><p class=\"gutentor-single-item-title\">\u017einut\u0117s tik konferencijos organizatoriui), dalintis su jais failais,<\/p><\/span><\/span><\/span><\/li><li class=\"gutentor-list-item grid-lg-12 grid-md-12 grid-12\"><span class=\"gutentor-single-item gutentor-single-item-3\"><span class=\"gutentor-list-item-wrap g-s-list-wrap\"><span class=\"gutentor-single-list-item-icon\"><i class=\"list-item-icon fas fa-caret-right\"><\/i><\/span><span class=\"gutentor-list-item\"><p class=\"gutentor-single-item-title\">valdyti konferencijos dalyvi\u0173 teises, pavyzd\u017eiui, i\u0161jungti mikrofonus, i\u0161jungti kameras, neleisti arba leisti dalintis ekranu, visiems dalyviams pary\u0161kinti prane\u0161\u0117jo vaizd\u0105,<\/p><\/span><\/span><\/span><\/li><li class=\"gutentor-list-item grid-lg-12 grid-md-12 grid-12\"><span class=\"gutentor-single-item gutentor-single-item-4\"><span class=\"gutentor-list-item-wrap g-s-list-wrap\"><span class=\"gutentor-single-list-item-icon\"><i class=\"list-item-icon fas fa-caret-right\"><\/i><\/span><span class=\"gutentor-list-item\"><p class=\"gutentor-single-item-title\">atlikti dalyvi\u0173 apklaus\u0105 ar organizuoti (slapt\u0105) balsavim\u0105,<\/p><\/span><\/span><\/span><\/li><li class=\"gutentor-list-item grid-lg-12 grid-md-12 grid-12\"><span class=\"gutentor-single-item gutentor-single-item-5\"><span class=\"gutentor-list-item-wrap g-s-list-wrap\"><span class=\"gutentor-single-list-item-icon\"><i class=\"list-item-icon fas fa-caret-right\"><\/i><\/span><span class=\"gutentor-list-item\"><p class=\"gutentor-single-item-title\">organizuoti grupin\u012f darb\u0105, dalyvius padalinant \u012f atskiras grupes (virtualiuosius kambarius),<\/p><\/span><\/span><\/span><\/li><li class=\"gutentor-list-item grid-lg-12 grid-md-12 grid-12\"><span class=\"gutentor-single-item gutentor-single-item-6\"><span class=\"gutentor-list-item-wrap g-s-list-wrap\"><span class=\"gutentor-single-list-item-icon\"><i class=\"list-item-icon fas fa-caret-right\"><\/i><\/span><span class=\"gutentor-list-item\"><p class=\"gutentor-single-item-title\">reikiam\u0105 dalyvi\u0173 skai\u010di\u0173 perkelti \u012f taip vadinam\u0105 \u201elaukimo kambar\u012f\u201c (angl. <em>waiting room<\/em>), kad jie negal\u0117t\u0173 gird\u0117ti ir matyti, kas vyksta pagrindiniame susitikime,<\/p><\/span><\/span><\/span><\/li><li class=\"gutentor-list-item grid-lg-12 grid-md-12 grid-12\"><span class=\"gutentor-single-item gutentor-single-item-7\"><span class=\"gutentor-list-item-wrap g-s-list-wrap\"><span class=\"gutentor-single-list-item-icon\"><i class=\"list-item-icon fas fa-caret-right\"><\/i><\/span><span class=\"gutentor-list-item\"><p class=\"gutentor-single-item-title\">naudotis baltosios lentos (angl. <em>whiteboard<\/em>) funkcija,<\/p><\/span><\/span><\/span><\/li><li class=\"gutentor-list-item grid-lg-12 grid-md-12 grid-12\"><span class=\"gutentor-single-item gutentor-single-item-8\"><span class=\"gutentor-list-item-wrap g-s-list-wrap\"><span class=\"gutentor-single-list-item-icon\"><i class=\"list-item-icon fas fa-caret-right\"><\/i><\/span><span class=\"gutentor-list-item\"><p class=\"gutentor-single-item-title\">naudoti \u201eZOOM Apps\u201c \u2013 papildomas interneto program\u0117les, pvz., \u201eMentimeter\u201c, \u201eKahoot\u201c, \u201eMiro\u201c ir pan.<\/p><\/span><\/span><\/span><\/li><\/ul><\/div>\n<\/div><\/div><\/div>\n<\/div><\/section>\n\n\n\n<section id=\"section-2e0800db-272c-4418-be05-b1bbdbdb85d6\" class=\"wp-block-gutentor-list gutentor-section gutentor-list-wrapper list-template1 has-color-bg has-custom-bg\"><div class=\"grid-container\"><div class=\"gutentor-block-header\"><div class=\"gutentor-section-title text-center\"><h2 class=\"gutentor-title\">LieDM konsorciumo nariams si\u016blo:<\/h2><\/div><\/div><ul class=\"grid-row gutentor-grid-item-wrap list-indicator-icon text-left\"><li class=\"gutentor-list-item grid-lg-4 grid-12 grid-12\"><span class=\"gutentor-single-item gutentor-single-item-0\"><span class=\"gutentor-list-item-wrap\"><span class=\"gutentor-single-list-item-icon\"><i class=\"list-item-icon fas fa-check\"><\/i><\/span><span class=\"gutentor-list-item\"><p class=\"gutentor-single-item-title\">ZOOM edukacines licencijas palankiomis kainomis ir s\u0105lygomis<\/p><\/span><\/span><\/span><\/li><li class=\"gutentor-list-item grid-lg-4 grid-12 grid-12\"><span class=\"gutentor-single-item gutentor-single-item-1\"><span class=\"gutentor-list-item-wrap\"><span class=\"gutentor-single-list-item-icon\"><i class=\"list-item-icon fas fa-check\"><\/i><\/span><span class=\"gutentor-list-item\"><p class=\"gutentor-single-item-title\">integracij\u0105 su virtuali\u0105ja mokymosi aplinka MOODLE<\/p><\/span><\/span><\/span><\/li><li class=\"gutentor-list-item grid-lg-4 grid-12 grid-12\"><span class=\"gutentor-single-item gutentor-single-item-2\"><span class=\"gutentor-list-item-wrap\"><span class=\"gutentor-single-list-item-icon\"><i class=\"list-item-icon fas fa-check\"><\/i><\/span><span class=\"gutentor-list-item\"><p class=\"gutentor-single-item-title\">vaizdo \u012fra\u0161\u0173 saugykl\u0105 ZOOM debesyje <\/p><\/span><\/span><\/span><\/li><li class=\"gutentor-list-item grid-lg-4 grid-12 grid-12\"><span class=\"gutentor-single-item gutentor-single-item-3\"><span class=\"gutentor-list-item-wrap\"><span class=\"gutentor-single-list-item-icon\"><i class=\"list-item-icon fas fa-check\"><\/i><\/span><span class=\"gutentor-list-item\"><p class=\"gutentor-single-item-title\">konsultacijas ir metodin\u0119 pagalb\u0105<\/p><\/span><\/span><\/span><\/li><li class=\"gutentor-list-item grid-lg-4 grid-12 grid-12\"><span class=\"gutentor-single-item gutentor-single-item-4\"><span class=\"gutentor-list-item-wrap\"><span class=\"gutentor-single-list-item-icon\"><i class=\"list-item-icon fas fa-check\"><\/i><\/span><span class=\"gutentor-list-item\"><p class=\"gutentor-single-item-title\">ZOOMmokymus institucijos personalui <\/p><\/span><\/span><\/span><\/li><\/ul><\/div><\/section>\n\n\n\n<section id=\"section-eb499374-a4b4-4f67-b0b0-1664e24b74b5\" class=\"wp-block-gutentor-call-to-action gutentor-section  gutentor-calltoaction call-to-action-template3 has-image-bg has-custom-bg text-left\"><div class=\"grid-container\"><div class=\"gutentor-grid-item-wrap\"><div class=\"gutentor-single-item\"><div class=\"gutentor-single-item-content\"><h2 class=\"gutentor-single-item-title\"> Norite tapti LieDM konsorciumo nariu?<\/h2><div class=\"gutentor-single-item-desc\"><p class=\"gutentor-single-item-desc\"><strong>susisiekite su m\u016bs\u0173 komanda<\/strong><\/p><\/div><div class=\"gutentor-button-group\"><a class=\"gutentor-button gutentor-single-item-button gutentor-icon-hide\" href=\"https:\/\/liedm.lt\/index.php\/pages\/\"><i class=\"gutentor-button-icon fas fa-book\"><\/i><span>daugiau<\/span><\/a><\/div><\/div><\/div><\/div><\/div><\/section>\n","protected":false},"excerpt":{"rendered":"","protected":false},"author":1,"featured_media":0,"parent":0,"menu_order":0,"comment_status":"closed","ping_status":"closed","template":"template-gutentor-full-width.php","meta":{"footnotes":""},"class_list":["post-373","page","type-page","status-publish","hentry"],"_links":{"self":[{"href":"https:\/\/www.liedm.lt\/index.php\/wp-json\/wp\/v2\/pages\/373","targetHints":{"allow":["GET"]}}],"collection":[{"href":"https:\/\/www.liedm.lt\/index.php\/wp-json\/wp\/v2\/pages"}],"about":[{"href":"https:\/\/www.liedm.lt\/index.php\/wp-json\/wp\/v2\/types\/page"}],"author":[{"embeddable":true,"href":"https:\/\/www.liedm.lt\/index.php\/wp-json\/wp\/v2\/users\/1"}],"replies":[{"embeddable":true,"href":"https:\/\/www.liedm.lt\/index.php\/wp-json\/wp\/v2\/comments?post=373"}],"version-history":[{"count":0,"href":"https:\/\/www.liedm.lt\/index.php\/wp-json\/wp\/v2\/pages\/373\/revisions"}],"wp:attachment":[{"href":"https:\/\/www.liedm.lt\/index.php\/wp-json\/wp\/v2\/media?parent=373"}],"curies":[{"name":"wp","href":"https:\/\/api.w.org\/{rel}","templated":true}]}}