{"id":377,"date":"2022-02-11T11:42:10","date_gmt":"2022-02-11T11:42:10","guid":{"rendered":"http:\/\/127.0.0.1\/liedm\/?page_id=377"},"modified":"2022-02-23T06:18:34","modified_gmt":"2022-02-23T06:18:34","slug":"kaip-tapti-nariu","status":"publish","type":"page","link":"https:\/\/www.liedm.lt\/index.php\/kaip-tapti-nariu\/","title":{"rendered":"DUK"},"content":{"rendered":"<p><strong>Kas gali tapti LieDM konsorciumo nariu?<\/strong><\/p>\n<p>Konsorciumo narius gali b\u016bti Lietuvos auk\u0161tojo mokslo ir studij\u0173 institucijos<\/p>\n<p><strong>Kas yra Asocijuotas LieDM konsorciumo narys?<\/strong><\/p>\n<p>Asocijuotais konsorciumo nariais gali b\u016bti mokslo ir studij\u0173 institucijos ir kiti su \u0161vietimo veikla susij\u0119 subjektai, kurie nedalyvauja Konsorciumo valdyme<\/p>\n<p><strong>Kaip tapti LieDM konsorciumo nariu?<\/strong><\/p>\n<p>Nauji Konsorciumo nariai priimami Visuotinio nari\u0173 susirinkimo sprendimu gavus kandidato, norin\u010dio tapti Konsorciumo nariu, pra\u0161ym\u0105 (nuoroda \u012f pra\u0161ymo form\u0105).<\/p>\n<p>&nbsp;<\/p>\n<p>&nbsp;<\/p>\n<p>&nbsp;<\/p>\n","protected":false},"excerpt":{"rendered":"<p>Kas gali tapti LieDM konsorciumo nariu? Konsorciumo narius gali b\u016bti Lietuvos auk\u0161tojo mokslo ir studij\u0173 institucijos Kas yra Asocijuotas LieDM konsorciumo narys? Asocijuotais konsorciumo nariais gali b\u016bti mokslo ir studij\u0173 institucijos ir kiti su \u0161vietimo veikla susij\u0119 subjektai, kurie nedalyvauja Konsorciumo valdyme Kaip tapti LieDM konsorciumo nariu? Nauji Konsorciumo nariai priimami Visuotinio nari\u0173 susirinkimo sprendimu gavus kandidato, norin\u010dio tapti Konsorciumo [&hellip;]<\/p>\n","protected":false},"author":1,"featured_media":0,"parent":0,"menu_order":0,"comment_status":"closed","ping_status":"closed","template":"","meta":{"footnotes":""},"class_list":["post-377","page","type-page","status-publish","hentry"],"_links":{"self":[{"href":"https:\/\/www.liedm.lt\/index.php\/wp-json\/wp\/v2\/pages\/377","targetHints":{"allow":["GET"]}}],"collection":[{"href":"https:\/\/www.liedm.lt\/index.php\/wp-json\/wp\/v2\/pages"}],"about":[{"href":"https:\/\/www.liedm.lt\/index.php\/wp-json\/wp\/v2\/types\/page"}],"author":[{"embeddable":true,"href":"https:\/\/www.liedm.lt\/index.php\/wp-json\/wp\/v2\/users\/1"}],"replies":[{"embeddable":true,"href":"https:\/\/www.liedm.lt\/index.php\/wp-json\/wp\/v2\/comments?post=377"}],"version-history":[{"count":0,"href":"https:\/\/www.liedm.lt\/index.php\/wp-json\/wp\/v2\/pages\/377\/revisions"}],"wp:attachment":[{"href":"https:\/\/www.liedm.lt\/index.php\/wp-json\/wp\/v2\/media?parent=377"}],"curies":[{"name":"wp","href":"https:\/\/api.w.org\/{rel}","templated":true}]}}