{"id":80,"date":"2021-05-16T11:20:02","date_gmt":"2021-05-16T11:20:02","guid":{"rendered":"http:\/\/localhost\/wordpress\/?page_id=8"},"modified":"2026-04-08T13:01:30","modified_gmt":"2026-04-08T13:01:30","slug":"home","status":"publish","type":"page","link":"https:\/\/www.liedm.lt\/","title":{"rendered":"Home"},"content":{"rendered":"\n<section id=\"gma00d9f8\" class=\"wp-block-gutentor-m5 section-gma00d9f8 gutentor-module gutentor-module-slider gutentor-slick-a-default-desktop gutentor-module-caption-enabled\"><div class=\"gutentor-module-slider-row\" data-dots=\"false\" data-dotstablet=\"false\" data-dotsmobile=\"false\" data-nextarrow=\"fas fa-angle-right\" data-prevarrow=\"fas fa-angle-left\" data-arrows=\"true\" data-arrowstablet=\"true\" data-arrowsmobile=\"true\" data-fade=\"false\" data-draggable=\"false\" data-infinite=\"true\" data-autoplay=\"true\" data-pauseonfocus=\"true\" data-pauseonhover=\"false\" data-speed=\"3000\" data-autoplayspeed=\"10000\" data-arrowspositiondesktop=\"gutentor-slick-a-default-desktop\">\n<div id=\"col-gm3413b4\" class=\"wp-block-gutentor-m5-col col-gm3413b4 gutentor-slider-item\"><div id=\"section-gm3413b4\" class=\"section-gm3413b4 gutentor-col-wrap has-image-bg has-custom-bg\"><div class=\"gutentor-slider-caption\"><div class=\"grid-container\">\n<section id=\"gm8519d8e\" class=\"wp-block-gutentor-m3 section-gm8519d8e gutentor-module gutentor-container-cover\"><div class=\"grid-container\">\n<div class=\"wp-block-group\"><div class=\"wp-block-group__inner-container is-layout-flow wp-block-group-is-layout-flow\">\n<div class=\"wp-block-columns is-layout-flex wp-container-core-columns-is-layout-9d6595d7 wp-block-columns-is-layout-flex\">\n<div class=\"wp-block-column is-layout-flow wp-block-column-is-layout-flow\" style=\"flex-basis:100%\">\n<div id=\"section-gfcc68e\" class=\"wp-block-gutentor-e1 section-gfcc68e gutentor-element gutentor-element-advanced-text text-align-left-desktop text-align-left-tablet text-align-left-mobile\"><div class=\"gutentor-text-wrap\"><h4 class=\"gutentor-text\">Lietuvos nuotolinio mokymosi tinklo LIEDM palaikymo ir pl\u0117tros konsorciumas<\/h4><\/div><\/div>\n<\/div>\n<\/div>\n<\/div><\/div>\n<\/div><\/section>\n<\/div><\/div><\/div><\/div>\n\n\n\n<div id=\"col-gm0aa20d\" class=\"wp-block-gutentor-m5-col col-gm0aa20d gutentor-slider-item\"><div id=\"section-gm0aa20d\" class=\"section-gm0aa20d gutentor-col-wrap has-image-bg has-custom-bg\"><div class=\"gutentor-slider-caption\"><div class=\"grid-container\"><\/div><\/div><\/div><\/div>\n\n\n\n<div id=\"col-gmce9f54\" class=\"wp-block-gutentor-m5-col col-gmce9f54 gutentor-slider-item\"><div id=\"section-gmce9f54\" class=\"section-gmce9f54 gutentor-col-wrap has-image-bg has-custom-bg\"><div class=\"gutentor-slider-caption\"><div class=\"grid-container\"><\/div><\/div><\/div><\/div>\n\n\n\n<div id=\"col-gmcbeb3c\" class=\"wp-block-gutentor-m5-col col-gmcbeb3c gutentor-slider-item\"><div id=\"section-gmcbeb3c\" class=\"section-gmcbeb3c gutentor-col-wrap has-image-bg has-custom-bg\"><div class=\"gutentor-slider-caption\"><div class=\"grid-container\"><\/div><\/div><\/div><\/div>\n\n\n\n<div id=\"col-gm06aff0\" class=\"wp-block-gutentor-m5-col col-gm06aff0 gutentor-slider-item\"><div id=\"section-gm06aff0\" class=\"section-gm06aff0 gutentor-col-wrap has-image-bg has-custom-bg\"><div class=\"gutentor-slider-caption\"><div class=\"grid-container\"><\/div><\/div><\/div><\/div>\n\n\n\n<div id=\"col-gm51da22\" class=\"wp-block-gutentor-m5-col col-gm51da22 gutentor-slider-item\"><div id=\"section-gm51da22\" class=\"section-gm51da22 gutentor-col-wrap has-image-bg has-custom-bg\"><div class=\"gutentor-slider-caption\"><div class=\"grid-container\"><\/div><\/div><\/div><\/div>\n\n\n\n<div id=\"col-gmb2fef8\" class=\"wp-block-gutentor-m5-col col-gmb2fef8 gutentor-slider-item\"><div id=\"section-gmb2fef8\" class=\"section-gmb2fef8 gutentor-col-wrap has-image-bg has-custom-bg\"><div class=\"gutentor-slider-caption\"><div class=\"grid-container\"><\/div><\/div><\/div><\/div>\n\n\n\n<div id=\"col-gm447ece\" class=\"wp-block-gutentor-m5-col col-gm447ece gutentor-slider-item\"><div id=\"section-gm447ece\" class=\"section-gm447ece gutentor-col-wrap has-image-bg has-custom-bg\"><div class=\"gutentor-slider-caption\"><div class=\"grid-container\"><\/div><\/div><\/div><\/div>\n<\/div><\/section>\n\n\n\n<section id=\"gm86af355\" class=\"wp-block-gutentor-m3 section-gm86af355 gutentor-module gutentor-container-cover g-pos-r-desktop g-pos-r-tablet g-pos-r-mobile\"><div class=\"grid-container\"><\/div><\/section>\n\n\n\n<section id=\"gm2bcc3c4\" class=\"wp-block-gutentor-m2 section-gm2bcc3c4 gutentor-module gutentor-dynamic-columns\"><div class=\"grid-container\"><div class=\"grid-row\">\n<div id=\"col-gmd057cc\" class=\"wp-block-gutentor-m2-col col-gmd057cc gutentor-module gutentor-dynamic-single-column grid-lg-4 grid-md-4 grid-12\"><div id=\"section-gmd057cc\" class=\"section-gmd057cc gutentor-single-col has-color-bg has-custom-bg\">\n<div id=\"section-g456fe8\" class=\"wp-block-gutentor-e6 section-g456fe8 gutentor-element gutentor-element-image text-align-center-desktop\"><div class=\"gutentor-element-image-box\"><div class=\"gutentor-image-thumb\"><img decoding=\"async\" class=\"normal-image\" src=\"https:\/\/www.liedm.lt\/wp-content\/uploads\/2023\/04\/Zoom_ikona2.png\" srcset=\"https:\/\/www.liedm.lt\/wp-content\/uploads\/2023\/04\/Zoom_ikona2.png 2x\"\/><\/div><\/div><\/div>\n\n\n\n<div id=\"section-ga93291\" class=\"wp-block-gutentor-e0 section-ga93291 gutentor-element gutentor-element-advanced-text text-align-center-mobile\"><div class=\"gutentor-text-wrap\"><h4 class=\"gutentor-text\">Vaizdo konferencijos<\/h4><\/div><\/div>\n\n\n\n<div id=\"section-gfa87a4\" class=\"wp-block-gutentor-e0 section-gfa87a4 gutentor-element gutentor-element-advanced-text text-align-center-mobile\"><div class=\"gutentor-text-wrap\"><p class=\"gutentor-text\">   <\/p><\/div><\/div>\n\n\n\n<div id=\"section-g4b6884\" class=\"wp-block-gutentor-e2 section-g4b6884 gutentor-element gutentor-element-button button-align-center-mobile\"><span class=\"gutentor-button-wrap\"><a class=\"gutentor-button gutentor-block-button gutentor-icon-hide\" href=\"https:\/\/liedm.lt\/index.php\/zoom\/\"><i class=\"gutentor-button-icon fas fa-book\"><\/i><span>Daugiau<\/span><\/a><\/span><\/div>\n<\/div><\/div>\n\n\n\n<div id=\"col-gm41dd8b\" class=\"wp-block-gutentor-m2-col col-gm41dd8b gutentor-module gutentor-dynamic-single-column grid-lg-4 grid-md-4 grid-12\"><div id=\"section-gm41dd8b\" class=\"section-gm41dd8b gutentor-single-col has-color-bg has-custom-bg\">\n<div id=\"section-g5997d3\" class=\"wp-block-gutentor-e6 section-g5997d3 gutentor-element gutentor-element-image text-align-center-desktop\"><div class=\"gutentor-element-image-box\"><div class=\"gutentor-image-thumb\"><img decoding=\"async\" class=\"normal-image\" src=\"https:\/\/www.liedm.lt\/wp-content\/uploads\/2023\/04\/Moodle_ikona2.png\" srcset=\"https:\/\/www.liedm.lt\/wp-content\/uploads\/2023\/04\/Moodle_ikona2.png 2x\"\/><\/div><\/div><\/div>\n\n\n\n<div id=\"section-gc9704e\" class=\"wp-block-gutentor-e0 section-gc9704e gutentor-element gutentor-element-advanced-text text-align-center-mobile\"><div class=\"gutentor-text-wrap\"><h4 class=\"gutentor-text\">Moodle platforma<\/h4><\/div><\/div>\n\n\n\n<div id=\"section-g4dd1ba\" class=\"wp-block-gutentor-e0 section-g4dd1ba gutentor-element gutentor-element-advanced-text text-align-center-mobile\"><div class=\"gutentor-text-wrap\"><p class=\"gutentor-text\">   <\/p><\/div><\/div>\n\n\n\n<div id=\"section-g11716f\" class=\"wp-block-gutentor-e2 section-g11716f gutentor-element gutentor-element-button button-align-center-mobile\"><span class=\"gutentor-button-wrap\"><a class=\"gutentor-button gutentor-block-button gutentor-icon-hide\" href=\"https:\/\/liedm.lt\/index.php\/moodle\/\"><i class=\"gutentor-button-icon fas fa-book\"><\/i><span>Daugiau<\/span><\/a><\/span><\/div>\n<\/div><\/div>\n\n\n\n<div id=\"col-gm244e3b\" class=\"wp-block-gutentor-m2-col col-gm244e3b gutentor-module gutentor-dynamic-single-column grid-lg-4 grid-md-4 grid-12\"><div id=\"section-gm244e3b\" class=\"section-gm244e3b gutentor-single-col has-color-bg has-custom-bg\">\n<div id=\"section-gfd0e00\" class=\"wp-block-gutentor-e6 section-gfd0e00 gutentor-element gutentor-element-image text-align-center-desktop\"><div class=\"gutentor-element-image-box\"><div class=\"gutentor-image-thumb\"><img decoding=\"async\" class=\"normal-image\" src=\"https:\/\/www.liedm.lt\/wp-content\/uploads\/2023\/04\/Mokymai_ikona2.png\" srcset=\"https:\/\/www.liedm.lt\/wp-content\/uploads\/2023\/04\/Mokymai_ikona2.png 2x\"\/><\/div><\/div><\/div>\n\n\n\n<div id=\"section-g80501e\" class=\"wp-block-gutentor-e0 section-g80501e gutentor-element gutentor-element-advanced-text text-align-center-mobile\"><div class=\"gutentor-text-wrap\"><h4 class=\"gutentor-text\">Mokymai<\/h4><\/div><\/div>\n\n\n\n<div id=\"section-g90fabf\" class=\"wp-block-gutentor-e0 section-g90fabf gutentor-element gutentor-element-advanced-text text-align-center-mobile\"><div class=\"gutentor-text-wrap\"><p class=\"gutentor-text\"><\/p><\/div><\/div>\n\n\n\n<div id=\"section-g6cfaa0\" class=\"wp-block-gutentor-e2 section-g6cfaa0 gutentor-element gutentor-element-button button-align-center-mobile\"><span class=\"gutentor-button-wrap\"><a class=\"gutentor-button gutentor-block-button gutentor-icon-hide\" href=\"https:\/\/www.liedm.lt\/index.php\/https-mokymai-vma-liedm-lt-auth-saml-login-php\/\"><i class=\"gutentor-button-icon fas fa-book\"><\/i><span>Daugiau<\/span><\/a><\/span><\/div>\n<\/div><\/div>\n<\/div><\/div><\/section>\n\n\n\n<section id=\"section-abf3966f-3d54-4e76-a72c-f5475a660b44\" class=\"wp-block-gutentor-about-block gutentor-section gutentor-about about-template4 has-color-bg has-custom-bg\"><div class=\"grid-container\"><div class=\"gutentor-grid-item-wrap\"><div class=\"gutentor-single-item\"><div class=\"grid-row\"><div class=\"grid-md-6 about-grid\"><div class=\"gutentor-single-item-content\"><div class=\"gutentor-about-content\"><h3 class=\"gutentor-single-item-title\">Apie mus<\/h3><p class=\"gutentor-single-item-desc\">LieDM konsorciumas \u2013 tai organizacija, jungianti Lietuvos mokslo ir studij\u0173 institucijas bei kitas su \u0161vietimo veikla susijusias \u012fstaigas, kurios bendrai pl\u0117toja ir naudojasi Lietuvos nuotolinio mokymo(-si) tinklo infrastrukt\u016bra bei teikiamomis paslaugomis.<\/p><\/div><\/div><\/div><div class=\"grid-md-6 about-grid\"><div class=\"gutentor-single-item-image-box\"><div class=\"gutentor-image-thumb\"><img loading=\"lazy\" decoding=\"async\" class=\"normal-image\" src=\"https:\/\/www.liedm.lt\/wp-content\/uploads\/2023\/05\/liedm-2025-05-26-1.jpg\" alt=\"\" height=\"1366\" width=\"1918\"\/><\/div><\/div><\/div><\/div><\/div><\/div><\/div><\/section>\n\n\n\n<p><\/p>\n\n\n\n<div class=\"wp-block-media-text is-stacked-on-mobile\"><figure class=\"wp-block-media-text__media\"><video controls src=\"https:\/\/www.liedm.lt\/wp-content\/uploads\/2025\/11\/LieDM-gimtadienis-2025-10-23.mp4\"><\/video><\/figure><div class=\"wp-block-media-text__content\">\n<p style=\"font-size:26px\"><strong>LieDM konsorciumui \u2013 15 met\u0173!<\/strong><\/p>\n\n\n\n<p>\u0160iemet Lietuvos nuotolinio ir e. mokymosi (LieDM) konsorciumas mini savo 15 met\u0173 sukakt\u012f. Tai buvo laikotarpis, kupinas nauj\u0173 id\u0117j\u0173, bendradarbiavimo ir technologini\u0173 inovacij\u0173 \u0161vietimo srityje.<br>Min\u0117dami \u0161i\u0105 sukakt\u012f, kalbiname asmenis, kurie stov\u0117jo prie LieDM i\u0161tak\u0173 \u2013 tuos, kurie savo entuziazmu ir vizija pad\u0117jo pamatus \u0161iai bendruomenei. Jie dalijasi prisiminimais apie pirmuosius metus, i\u0161\u0161\u016bkius, pasiektus rezultatus ir \u012fgyvendintus projektus, kurie virto realybe.<br>Jubiliejaus proga jie taip pat taria \u0161iltus sveikinimo \u017eod\u017eius LieDM konsorciumui, link\u0117dami augti, stipr\u0117ti ir toliau vienyti \u0161vietimo bendruomen\u0119 skaitmenini\u0173 inovacij\u0173 kelyje.<\/p>\n<\/div><\/div>\n\n\n\n<p><\/p>\n\n\n\n<p><\/p>\n\n\n\n<p><\/p>\n\n\n\n<figure class=\"wp-block-gallery has-nested-images columns-default is-cropped wp-block-gallery-1 is-layout-flex wp-block-gallery-is-layout-flex\">\n<figure class=\"wp-block-image size-large\"><img loading=\"lazy\" decoding=\"async\" width=\"1024\" height=\"683\" data-id=\"3066\" src=\"https:\/\/www.liedm.lt\/wp-content\/uploads\/2025\/06\/IMG_7812-1-1024x683.jpg\" alt=\"\" class=\"wp-image-3066\" srcset=\"https:\/\/www.liedm.lt\/wp-content\/uploads\/2025\/06\/IMG_7812-1-1024x683.jpg 1024w, https:\/\/www.liedm.lt\/wp-content\/uploads\/2025\/06\/IMG_7812-1-300x200.jpg 300w, https:\/\/www.liedm.lt\/wp-content\/uploads\/2025\/06\/IMG_7812-1-768x512.jpg 768w, https:\/\/www.liedm.lt\/wp-content\/uploads\/2025\/06\/IMG_7812-1-1536x1024.jpg 1536w, https:\/\/www.liedm.lt\/wp-content\/uploads\/2025\/06\/IMG_7812-1-2048x1365.jpg 2048w\" sizes=\"auto, (max-width: 1024px) 100vw, 1024px\" \/><\/figure>\n<\/figure>\n\n\n\n<p class=\"has-text-align-center\"><\/p>\n\n\n\n<p><\/p>\n\n\n\n<p><\/p>\n\n\n\n<p><\/p>\n\n\n\n<p><\/p>\n\n\n\n<p><\/p>\n\n\n\n<div class=\"wp-block-group\"><div class=\"wp-block-group__inner-container is-layout-flow wp-block-group-is-layout-flow\">\n<section id=\"gm895623d\" class=\"wp-block-gutentor-m3 section-gm895623d gutentor-module gutentor-container-cover\"><div class=\"grid-container\">\n<section id=\"gm802cb88\" class=\"wp-block-gutentor-m4 section-gm802cb88 gutentor-module gutentor-advanced-columns\"><div class=\"grid-container\"><div class=\"grid-row\">\n<div id=\"col-gm8524c7\" class=\"wp-block-gutentor-m4-col col-gm8524c7 gutentor-single-column  grid-lg-9 grid-md-8 grid-12\"><div id=\"section-gm8524c7\" class=\"section-gm8524c7 gutentor-col-wrap\">\n<div id=\"section-gcc90d9\" class=\"wp-block-gutentor-e1 section-gcc90d9 gutentor-element gutentor-element-advanced-text text-align-left-desktop text-align-left-tablet text-align-left-mobile\"><div class=\"gutentor-text-wrap\"><p class=\"gutentor-text\"><br><br>\u012evykiai<br><\/p><\/div><\/div>\n\n\n\n<div id=\"section-gc3dcf2\" class=\"wp-block-gutentor-e1 section-gc3dcf2 gutentor-element gutentor-element-advanced-text text-align-left-desktop text-align-left-tablet text-align-left-mobile\"><div class=\"gutentor-text-wrap\"><h2 class=\"gutentor-text\">Skaitykite m\u016bs\u0173 naujienas<\/h2><\/div><\/div>\n\n\n\n<p><\/p>\n<\/div><\/div>\n\n\n\n<div id=\"col-gm7af5cf\" class=\"wp-block-gutentor-m4-col col-gm7af5cf gutentor-single-column  grid-lg-3 grid-md-4 grid-12\"><div id=\"section-gm7af5cf\" class=\"section-gm7af5cf gutentor-col-wrap\"><\/div><\/div>\n<\/div><\/div><\/section>\n\n\n<section class=\"gutentor-post-module section-77be6ebd-9483-429f-b367-94ac995f5484 gutentor-post-module-p1 gutentor_p1_template1 wp-block-gutentor-p1 gutentor-blog-grid\" id=\"77be6ebd-9483-429f-b367-94ac995f5484\" data-gbid=\"77be6ebd-9483-429f-b367-94ac995f5484\" >\n<div class='grid-container'><div class='grid-row' ><article class='gutentor-post  grid-md-4 grid-sm-4 grid-xs-12'><div class='gutentor-post-item'><div class='gutentor-post-image-box'><div class=\"gutentor-image-thumb\"><img loading=\"lazy\" decoding=\"async\" width=\"150\" height=\"150\" src=\"https:\/\/www.liedm.lt\/wp-content\/uploads\/2025\/10\/LieDM-2-150x150.jpg\" class=\"attachment-thumbnail size-thumbnail wp-post-image\" alt=\"\" \/><\/div><\/div><div class=\"gutentor-post-title-data-wrap\"><h3 class=\"gutentor-post-title\"><a href=\"https:\/\/www.liedm.lt\/index.php\/liedm-konsorciumui-15-metu-jubiliejineje-konferencijoje-aptartos-partnerystes-inovacijos-ir-dirbtinio-intelekto-trajektorijos\/\" rel=\"bookmark\">LieDM konsorciumui \u2013 15 met\u0173: jubiliejin\u0117je konferencijoje aptartos partneryst\u0117s, inovacijos ir dirbtinio intelekto trajektorijos<\/a><\/h3><\/div><div class=\"gutentor-entry-meta gutentor-entry-meta-primary\"><div class=\"author vcard\"><i class=\"far fa-user\"><\/i><a href=\"https:\/\/www.liedm.lt\/index.php\/liedm-konsorciumui-15-metu-jubiliejineje-konferencijoje-aptartos-partnerystes-inovacijos-ir-dirbtinio-intelekto-trajektorijos\/\" rel=\"bookmark\">Elena Vainikevi\u010dien\u0117<\/a><\/div><div class=\"posted-on\"><i class=\"far fa-calendar-alt\"><\/i><a href=\"https:\/\/www.liedm.lt\/index.php\/liedm-konsorciumui-15-metu-jubiliejineje-konferencijoje-aptartos-partnerystes-inovacijos-ir-dirbtinio-intelekto-trajektorijos\/\" rel=\"bookmark\">23 spalio, 2025<\/a><\/div><div class=\"gutentor-meta-categories\"><i class=\"fas fa-tags\"><\/i><a href=\"https:\/\/www.liedm.lt\/index.php\/category\/naujienos\/\" rel=\"category tag\">Naujienos<\/a><\/div><\/div><div class=\"gutentor-post-desc\">2025 m. spalio 23 d. Vilniaus universiteto bibliotekos Mokslin\u0117s komunikacijos ir informacijos centr&hellip;<\/div><\/div><\/article><article class='gutentor-post  grid-md-4 grid-sm-4 grid-xs-12'><div class='gutentor-post-item'><div class='gutentor-post-image-box'><div class=\"gutentor-image-thumb\"><img loading=\"lazy\" decoding=\"async\" width=\"150\" height=\"150\" src=\"https:\/\/www.liedm.lt\/wp-content\/uploads\/2025\/06\/IMG_7812-150x150.jpg\" class=\"attachment-thumbnail size-thumbnail wp-post-image\" alt=\"\" \/><\/div><\/div><div class=\"gutentor-post-title-data-wrap\"><h3 class=\"gutentor-post-title\"><a href=\"https:\/\/www.liedm.lt\/index.php\/klaipedoje-vyko-liedm-konsorciumo-pavasario-renginys\/\" rel=\"bookmark\">Klaip\u0117dos universitete vyko LieDM konsorciumo pavasario seminaras<\/a><\/h3><\/div><div class=\"gutentor-entry-meta gutentor-entry-meta-primary\"><div class=\"author vcard\"><i class=\"far fa-user\"><\/i><a href=\"https:\/\/www.liedm.lt\/index.php\/klaipedoje-vyko-liedm-konsorciumo-pavasario-renginys\/\" rel=\"bookmark\">Elena Vainikevi\u010dien\u0117<\/a><\/div><div class=\"posted-on\"><i class=\"far fa-calendar-alt\"><\/i><a href=\"https:\/\/www.liedm.lt\/index.php\/klaipedoje-vyko-liedm-konsorciumo-pavasario-renginys\/\" rel=\"bookmark\">6 bir\u017eelio, 2025<\/a><\/div><div class=\"gutentor-meta-categories\"><i class=\"fas fa-tags\"><\/i><a href=\"https:\/\/www.liedm.lt\/index.php\/category\/naujienos\/\" rel=\"category tag\">Naujienos<\/a><\/div><\/div><div class=\"gutentor-post-desc\">2025 m. bir\u017eelio 5\u20136 d. Klaip\u0117dos universitete vyko LieDM konsorciumo renginys, ap\u0117m\u0119s visuotin\u012f nar&hellip;<\/div><\/div><\/article><article class='gutentor-post  grid-md-4 grid-sm-4 grid-xs-12'><div class='gutentor-post-item'><div class='gutentor-post-image-box'><div class=\"gutentor-image-thumb\"><img loading=\"lazy\" decoding=\"async\" width=\"150\" height=\"150\" src=\"https:\/\/www.liedm.lt\/wp-content\/uploads\/2024\/11\/20241108_115439-150x150.jpg\" class=\"attachment-thumbnail size-thumbnail wp-post-image\" alt=\"\" \/><\/div><\/div><div class=\"gutentor-post-title-data-wrap\"><h3 class=\"gutentor-post-title\"><a href=\"https:\/\/www.liedm.lt\/index.php\/liedm-konsorciumo-seminaras-birstone-skaitmenines-svietimo-inovacijos-ir-dirbtinis-intelektas\/\" rel=\"bookmark\">LieDM konsorciumo seminaras Bir\u0161tone: skaitmenin\u0117s \u0161vietimo inovacijos ir dirbtinis intelektas<\/a><\/h3><\/div><div class=\"gutentor-entry-meta gutentor-entry-meta-primary\"><div class=\"author vcard\"><i class=\"far fa-user\"><\/i><a href=\"https:\/\/www.liedm.lt\/index.php\/liedm-konsorciumo-seminaras-birstone-skaitmenines-svietimo-inovacijos-ir-dirbtinis-intelektas\/\" rel=\"bookmark\">Elena Vainikevi\u010dien\u0117<\/a><\/div><div class=\"posted-on\"><i class=\"far fa-calendar-alt\"><\/i><a href=\"https:\/\/www.liedm.lt\/index.php\/liedm-konsorciumo-seminaras-birstone-skaitmenines-svietimo-inovacijos-ir-dirbtinis-intelektas\/\" rel=\"bookmark\">14 lapkri\u010dio, 2024<\/a><\/div><div class=\"gutentor-meta-categories\"><i class=\"fas fa-tags\"><\/i><a href=\"https:\/\/www.liedm.lt\/index.php\/category\/naujienos\/\" rel=\"category tag\">Naujienos<\/a><\/div><\/div><div class=\"gutentor-post-desc\">2024 m. lapkri\u010dio 7-8 dienomis Bir\u0161tone \u012fvyko kasmetinis Lietuvos nuotolinio mokymosi LieDM konsorci&hellip;<\/div><\/div><\/article><\/div><\/div><\/section><\/div><\/section>\n<\/div><\/div>\n\n\n\n<section id=\"section-aa0c3feb-ab31-48ff-9819-fcccf9aafede\" class=\"wp-block-gutentor-call-to-action gutentor-section  gutentor-calltoaction call-to-action-template3 has-image-bg has-custom-bg text-left\"><div class=\"grid-container\"><div class=\"gutentor-grid-item-wrap\"><div class=\"gutentor-single-item\"><div class=\"gutentor-single-item-content\"><h2 class=\"gutentor-single-item-title\"> Norite tapti LieDM konsorciumo nariu?<\/h2><div class=\"gutentor-single-item-desc\"><p class=\"gutentor-single-item-desc\"><strong>susisiekite su m\u016bs\u0173 komanda<\/strong><\/p><\/div><div class=\"gutentor-button-group\"><a class=\"gutentor-button gutentor-single-item-button gutentor-icon-hide\" href=\"https:\/\/liedm.lt\/index.php\/pages\/\"><i class=\"gutentor-button-icon fas fa-book\"><\/i><span>daugiau<\/span><\/a><\/div><\/div><\/div><\/div><\/div><\/section>\n","protected":false},"excerpt":{"rendered":"<p>LieDM konsorciumui \u2013 15 met\u0173! \u0160iemet Lietuvos nuotolinio ir e. mokymosi (LieDM) konsorciumas mini savo 15 met\u0173 sukakt\u012f. Tai buvo laikotarpis, kupinas nauj\u0173 id\u0117j\u0173, bendradarbiavimo ir technologini\u0173 inovacij\u0173 \u0161vietimo srityje.Min\u0117dami \u0161i\u0105 sukakt\u012f, kalbiname asmenis, kurie stov\u0117jo prie LieDM i\u0161tak\u0173 \u2013 tuos, kurie savo entuziazmu ir vizija pad\u0117jo pamatus \u0161iai bendruomenei. Jie dalijasi prisiminimais apie pirmuosius metus, i\u0161\u0161\u016bkius, pasiektus rezultatus ir [&hellip;]<\/p>\n","protected":false},"author":1,"featured_media":0,"parent":0,"menu_order":0,"comment_status":"closed","ping_status":"closed","template":"template-gutentor-full-width.php","meta":{"footnotes":""},"class_list":["post-80","page","type-page","status-publish","hentry"],"_links":{"self":[{"href":"https:\/\/www.liedm.lt\/index.php\/wp-json\/wp\/v2\/pages\/80","targetHints":{"allow":["GET"]}}],"collection":[{"href":"https:\/\/www.liedm.lt\/index.php\/wp-json\/wp\/v2\/pages"}],"about":[{"href":"https:\/\/www.liedm.lt\/index.php\/wp-json\/wp\/v2\/types\/page"}],"author":[{"embeddable":true,"href":"https:\/\/www.liedm.lt\/index.php\/wp-json\/wp\/v2\/users\/1"}],"replies":[{"embeddable":true,"href":"https:\/\/www.liedm.lt\/index.php\/wp-json\/wp\/v2\/comments?post=80"}],"version-history":[{"count":54,"href":"https:\/\/www.liedm.lt\/index.php\/wp-json\/wp\/v2\/pages\/80\/revisions"}],"predecessor-version":[{"id":3233,"href":"https:\/\/www.liedm.lt\/index.php\/wp-json\/wp\/v2\/pages\/80\/revisions\/3233"}],"wp:attachment":[{"href":"https:\/\/www.liedm.lt\/index.php\/wp-json\/wp\/v2\/media?parent=80"}],"curies":[{"name":"wp","href":"https:\/\/api.w.org\/{rel}","templated":true}]}}